{"id":1191,"date":"2023-10-25T12:36:08","date_gmt":"2023-10-25T10:36:08","guid":{"rendered":"https:\/\/proyectpc.es\/?page_id=1191"},"modified":"2024-11-20T13:31:20","modified_gmt":"2024-11-20T12:31:20","slug":"servicios","status":"publish","type":"page","link":"https:\/\/proyectpc.es\/index.php\/servicios\/","title":{"rendered":"Servicios"},"content":{"rendered":"\t\t<div data-elementor-type=\"wp-page\" data-elementor-id=\"1191\" class=\"elementor elementor-1191\" data-elementor-settings=\"{&quot;ha_cmc_init_switcher&quot;:&quot;no&quot;}\">\n\t\t\t\t<div class=\"elementor-element elementor-element-16c4a3f e-flex e-con-boxed wpr-particle-no wpr-jarallax-no wpr-parallax-no wpr-sticky-section-no e-con e-parent\" data-id=\"16c4a3f\" data-element_type=\"container\" data-settings=\"{&quot;_ha_eqh_enable&quot;:false}\">\n\t\t\t\t\t<div class=\"e-con-inner\">\n\t\t\t\t<div class=\"elementor-element elementor-element-1868c44 elementor-widget elementor-widget-spacer\" data-id=\"1868c44\" data-element_type=\"widget\" data-widget_type=\"spacer.default\">\n\t\t\t\t<div class=\"elementor-widget-container\">\n\t\t\t\t\t\t\t<div class=\"elementor-spacer\">\n\t\t\t<div class=\"elementor-spacer-inner\"><\/div>\n\t\t<\/div>\n\t\t\t\t\t\t<\/div>\n\t\t\t\t<\/div>\n\t\t\t\t\t<\/div>\n\t\t\t\t<\/div>\n\t\t\t\t<section class=\"elementor-section elementor-top-section elementor-element elementor-element-77ef0e5 elementor-section-boxed elementor-section-height-default elementor-section-height-default wpr-particle-no wpr-jarallax-no wpr-parallax-no wpr-sticky-section-no\" data-id=\"77ef0e5\" data-element_type=\"section\" data-settings=\"{&quot;_ha_eqh_enable&quot;:false}\">\n\t\t\t\t\t\t<div class=\"elementor-container elementor-column-gap-wide\">\n\t\t\t\t\t<div class=\"elementor-column elementor-col-50 elementor-top-column elementor-element elementor-element-799cdd7\" data-id=\"799cdd7\" data-element_type=\"column\">\n\t\t\t<div class=\"elementor-widget-wrap elementor-element-populated\">\n\t\t\t\t\t\t<div class=\"elementor-element elementor-element-8862850 elementor-widget elementor-widget-image\" data-id=\"8862850\" data-element_type=\"widget\" data-widget_type=\"image.default\">\n\t\t\t\t<div class=\"elementor-widget-container\">\n\t\t\t\t\t\t\t\t\t\t\t\t\t\t\t<img fetchpriority=\"high\" decoding=\"async\" width=\"366\" height=\"450\" src=\"https:\/\/proyectpc.es\/wp-content\/uploads\/2023\/04\/pic-21.jpg\" class=\"attachment-large size-large wp-image-718\" alt=\"\" srcset=\"https:\/\/proyectpc.es\/wp-content\/uploads\/2023\/04\/pic-21.jpg 366w, https:\/\/proyectpc.es\/wp-content\/uploads\/2023\/04\/pic-21-244x300.jpg 244w\" sizes=\"(max-width: 366px) 100vw, 366px\" \/>\t\t\t\t\t\t\t\t\t\t\t\t\t\t\t<\/div>\n\t\t\t\t<\/div>\n\t\t\t\t<div class=\"elementor-element elementor-element-e785dc2 elementor-widget elementor-widget-heading\" data-id=\"e785dc2\" data-element_type=\"widget\" data-widget_type=\"heading.default\">\n\t\t\t\t<div class=\"elementor-widget-container\">\n\t\t\t\t\t<h2 class=\"elementor-heading-title elementor-size-default\">Nuestra experiencia nos define<\/h2>\t\t\t\t<\/div>\n\t\t\t\t<\/div>\n\t\t\t\t\t<\/div>\n\t\t<\/div>\n\t\t\t\t<div class=\"elementor-column elementor-col-50 elementor-top-column elementor-element elementor-element-48c7024\" data-id=\"48c7024\" data-element_type=\"column\">\n\t\t\t<div class=\"elementor-widget-wrap elementor-element-populated\">\n\t\t\t\t\t\t<div class=\"elementor-element elementor-element-8e59e11 elementor-widget elementor-widget-heading\" data-id=\"8e59e11\" data-element_type=\"widget\" data-widget_type=\"heading.default\">\n\t\t\t\t<div class=\"elementor-widget-container\">\n\t\t\t\t\t<h2 class=\"elementor-heading-title elementor-size-default\">INSTALACI\u00d3N, MANTENIMIENTO Y GESTI\u00d3N\n<\/h2>\t\t\t\t<\/div>\n\t\t\t\t<\/div>\n\t\t\t\t<div class=\"elementor-element elementor-element-3976ddf elementor-widget elementor-widget-text-editor\" data-id=\"3976ddf\" data-element_type=\"widget\" data-widget_type=\"text-editor.default\">\n\t\t\t\t<div class=\"elementor-widget-container\">\n\t\t\t\t\t\t\t\t\t<p>Instalaci\u00f3n, mantenimiento y gesti\u00f3n integral. Expertos en implementar soluciones tecnol\u00f3gicas, garantizando un \u00f3ptimo rendimiento y ofreciendo soporte continuo. Su tranquilidad es nuestra prioridad.<\/p>\t\t\t\t\t\t\t\t<\/div>\n\t\t\t\t<\/div>\n\t\t\t\t<div class=\"elementor-element elementor-element-e4d81ea wpr-feature-list-left wpr-feature-list-square wpr-feature-list-line-yes elementor-widget elementor-widget-wpr-feature-list\" data-id=\"e4d81ea\" data-element_type=\"widget\" data-widget_type=\"wpr-feature-list.default\">\n\t\t\t\t<div class=\"elementor-widget-container\">\n\t\t\t\t\t<div class=\"wpr-feature-list-wrap\"><ul class=\"wpr-feature-list\"><li class=\"wpr-feature-list-item elementor-repeater-item-c7e72ad\"><div class=\"wpr-feature-list-icon-wrap\"><span class=\"wpr-feature-list-line\"><\/span><div class=\"wpr-feature-list-icon-inner-wrap\"><i aria-hidden=\"true\" class=\"fas fa-server\"><\/i><\/div><\/div><div class=\"wpr-feature-list-content-wrap\"><h2 class=\"wpr-feature-list-title\"><a class=\"wpr-feature-list-url\" target=\"_blank\" rel=\"nofollow\">SERVIDORES<\/a><\/h2><p class=\"wpr-feature-list-description\">La importancia de una empresa estructurada, la organizaci\u00f3n de los usuarios en sus puestos de trabajo y la concesi\u00f3n de distintos permisos para los distintos trabajadores de su empresa hacen que los servidores sean la base de toda empresa que busque optimizar al m\u00e1ximo sus recursos inform\u00e1ticos.<\/p><\/div><\/li><li class=\"wpr-feature-list-item elementor-repeater-item-1d535be\"><div class=\"wpr-feature-list-icon-wrap\"><span class=\"wpr-feature-list-line\"><\/span><div class=\"wpr-feature-list-icon-inner-wrap\"><i aria-hidden=\"true\" class=\"fas fa-laptop\"><\/i><\/div><\/div><div class=\"wpr-feature-list-content-wrap\"><h2 class=\"wpr-feature-list-title\"><a class=\"wpr-feature-list-url\" target=\"_blank\" rel=\"nofollow\">EQUIPOS DE TRABAJO<\/a><\/h2><p class=\"wpr-feature-list-description\">Ordenadores<br>\nMovilidad: Smartphone y Tablet<br>\nDada la movilidad de comerciales de su empresa y la constante necesidad de estar conectados a internet de todos los trabajadores desde Smartphones y Tablets, en PROYECTC disponemos de servicio t\u00e9cnico multimarca para poder reparar o configurar cualquier problema o rotura de sus terminales.<\/p><\/div><\/li><li class=\"wpr-feature-list-item elementor-repeater-item-f664ce5\"><div class=\"wpr-feature-list-icon-wrap\"><span class=\"wpr-feature-list-line\"><\/span><div class=\"wpr-feature-list-icon-inner-wrap\"><i aria-hidden=\"true\" class=\"fab fa-searchengin\"><\/i><\/div><\/div><div class=\"wpr-feature-list-content-wrap\"><h2 class=\"wpr-feature-list-title\"><a class=\"wpr-feature-list-url\" target=\"_blank\" rel=\"nofollow\">DIAGNOSIS<\/a><\/h2><p class=\"wpr-feature-list-description\">Nuestra avanzada diagnosis de equipos inform\u00e1ticos garantiza una evaluaci\u00f3n precisa y r\u00e1pida. Identificamos problemas y ofrecemos soluciones efectivas para mantener sus sistemas funcionando sin interrupciones. Conf\u00ede en nosotros para optimizar su tecnolog\u00eda.\n\n\n\n\n<\/p><\/div><\/li><\/ul><\/div>\t\t\t\t<\/div>\n\t\t\t\t<\/div>\n\t\t\t\t<div class=\"elementor-element elementor-element-25ad198 elementor-widget elementor-widget-ha-creative-button happy-addon ha-creative-button\" data-id=\"25ad198\" data-element_type=\"widget\" data-widget_type=\"ha-creative-button.default\">\n\t\t\t\t<div class=\"elementor-widget-container\">\n\t\t\t\t\t\t\t<div data-magnetic=\"no\" class=\"ha-creative-btn-wrap\">\n\t\t\t<a class=\"ha-creative-btn ha-stl--hermosa ha-eft--bloom\" href=\"#\" rel=\"nofollow\"><div><\/div><span>Contactanos<\/span><\/a>\n\t\t<\/div>\t\t\t\t<\/div>\n\t\t\t\t<\/div>\n\t\t\t\t\t<\/div>\n\t\t<\/div>\n\t\t\t\t\t<\/div>\n\t\t<\/section>\n\t\t\t\t<\/div>\n\t\t","protected":false},"excerpt":{"rendered":"<p>Nuestra experiencia nos define INSTALACI\u00d3N, MANTENIMIENTO Y GESTI\u00d3N Instalaci\u00f3n, mantenimiento y gesti\u00f3n integral. Expertos en implementar soluciones tecnol\u00f3gicas, garantizando un \u00f3ptimo rendimiento y ofreciendo soporte continuo. Su tranquilidad es nuestra prioridad. SERVIDORES La importancia de una empresa estructurada, la organizaci\u00f3n de los usuarios en sus puestos de trabajo y la concesi\u00f3n de distintos permisos para los distintos trabajadores de su empresa hacen que los servidores sean la base de toda empresa que busque optimizar al m\u00e1ximo sus recursos inform\u00e1ticos. EQUIPOS DE TRABAJO Ordenadores Movilidad: Smartphone y Tablet Dada la movilidad de comerciales de su empresa y la constante necesidad de estar conectados a internet de todos los trabajadores desde Smartphones y Tablets, en PROYECTC disponemos de servicio t\u00e9cnico multimarca para poder reparar o configurar cualquier problema o rotura de sus terminales. DIAGNOSIS Nuestra avanzada diagnosis de equipos inform\u00e1ticos garantiza una evaluaci\u00f3n precisa y r\u00e1pida. Identificamos problemas y ofrecemos soluciones efectivas para mantener sus sistemas funcionando sin interrupciones. Conf\u00ede en nosotros para optimizar su tecnolog\u00eda. Contactanos<\/p>\n","protected":false},"author":1,"featured_media":0,"parent":0,"menu_order":0,"comment_status":"closed","ping_status":"closed","template":"elementor_header_footer","meta":{"footnotes":""},"class_list":["post-1191","page","type-page","status-publish","hentry"],"yoast_head":"<!-- This site is optimized with the Yoast SEO plugin v26.1.1 - https:\/\/yoast.com\/wordpress\/plugins\/seo\/ -->\n<title>Servicios de ProyectPc en Burgos | Soluciones Inform\u00e1ticas y Digitales<\/title>\n<meta name=\"description\" content=\"Descubre los servicios de ProyectPc en Burgos: inform\u00e1tica, ciberseguridad, dise\u00f1o web, comercio electr\u00f3nico, gesti\u00f3n de redes sociales y m\u00e1s. Soluciones integrales para tu negocio. \u00a1Cont\u00e1ctanos hoy!\" \/>\n<meta name=\"robots\" content=\"index, follow, max-snippet:-1, max-image-preview:large, max-video-preview:-1\" \/>\n<link rel=\"canonical\" href=\"https:\/\/proyectpc.es\/index.php\/servicios\/\" \/>\n<meta property=\"og:locale\" content=\"es_ES\" \/>\n<meta property=\"og:type\" content=\"article\" \/>\n<meta property=\"og:title\" content=\"Servicios de ProyectPc en Burgos | Soluciones Inform\u00e1ticas y Digitales\" \/>\n<meta property=\"og:description\" content=\"Descubre los servicios de ProyectPc en Burgos: inform\u00e1tica, ciberseguridad, dise\u00f1o web, comercio electr\u00f3nico, gesti\u00f3n de redes sociales y m\u00e1s. Soluciones integrales para tu negocio. \u00a1Cont\u00e1ctanos hoy!\" \/>\n<meta property=\"og:url\" content=\"https:\/\/proyectpc.es\/index.php\/servicios\/\" \/>\n<meta property=\"og:site_name\" content=\"ProyectPc\" \/>\n<meta property=\"article:publisher\" content=\"https:\/\/www.facebook.com\/people\/Informtica-ProyectPc\/61557099896924\/\" \/>\n<meta property=\"article:modified_time\" content=\"2024-11-20T12:31:20+00:00\" \/>\n<meta property=\"og:image\" content=\"https:\/\/proyectpc.es\/wp-content\/uploads\/2023\/04\/pic-21.jpg\" \/>\n<meta name=\"twitter:card\" content=\"summary_large_image\" \/>\n<meta name=\"twitter:label1\" content=\"Tiempo de lectura\" \/>\n\t<meta name=\"twitter:data1\" content=\"1 minuto\" \/>\n<script type=\"application\/ld+json\" class=\"yoast-schema-graph\">{\"@context\":\"https:\/\/schema.org\",\"@graph\":[{\"@type\":\"WebPage\",\"@id\":\"https:\/\/proyectpc.es\/index.php\/servicios\/\",\"url\":\"https:\/\/proyectpc.es\/index.php\/servicios\/\",\"name\":\"Servicios de ProyectPc en Burgos | Soluciones Inform\u00e1ticas y Digitales\",\"isPartOf\":{\"@id\":\"https:\/\/proyectpc.es\/#website\"},\"primaryImageOfPage\":{\"@id\":\"https:\/\/proyectpc.es\/index.php\/servicios\/#primaryimage\"},\"image\":{\"@id\":\"https:\/\/proyectpc.es\/index.php\/servicios\/#primaryimage\"},\"thumbnailUrl\":\"https:\/\/proyectpc.es\/wp-content\/uploads\/2023\/04\/pic-21.jpg\",\"datePublished\":\"2023-10-25T10:36:08+00:00\",\"dateModified\":\"2024-11-20T12:31:20+00:00\",\"description\":\"Descubre los servicios de ProyectPc en Burgos: inform\u00e1tica, ciberseguridad, dise\u00f1o web, comercio electr\u00f3nico, gesti\u00f3n de redes sociales y m\u00e1s. Soluciones integrales para tu negocio. \u00a1Cont\u00e1ctanos hoy!\",\"breadcrumb\":{\"@id\":\"https:\/\/proyectpc.es\/index.php\/servicios\/#breadcrumb\"},\"inLanguage\":\"es\",\"potentialAction\":[{\"@type\":\"ReadAction\",\"target\":[\"https:\/\/proyectpc.es\/index.php\/servicios\/\"]}]},{\"@type\":\"ImageObject\",\"inLanguage\":\"es\",\"@id\":\"https:\/\/proyectpc.es\/index.php\/servicios\/#primaryimage\",\"url\":\"https:\/\/proyectpc.es\/wp-content\/uploads\/2023\/04\/pic-21.jpg\",\"contentUrl\":\"https:\/\/proyectpc.es\/wp-content\/uploads\/2023\/04\/pic-21.jpg\",\"width\":366,\"height\":450},{\"@type\":\"BreadcrumbList\",\"@id\":\"https:\/\/proyectpc.es\/index.php\/servicios\/#breadcrumb\",\"itemListElement\":[{\"@type\":\"ListItem\",\"position\":1,\"name\":\"Portada\",\"item\":\"https:\/\/proyectpc.es\/\"},{\"@type\":\"ListItem\",\"position\":2,\"name\":\"Servicios\"}]},{\"@type\":\"WebSite\",\"@id\":\"https:\/\/proyectpc.es\/#website\",\"url\":\"https:\/\/proyectpc.es\/\",\"name\":\"ProyectPc - Tienda de Inform\u00e1tica en Burgos\",\"description\":\"Tu tienda de inform\u00e1tica en Burgos\",\"publisher\":{\"@id\":\"https:\/\/proyectpc.es\/#organization\"},\"potentialAction\":[{\"@type\":\"SearchAction\",\"target\":{\"@type\":\"EntryPoint\",\"urlTemplate\":\"https:\/\/proyectpc.es\/?s={search_term_string}\"},\"query-input\":{\"@type\":\"PropertyValueSpecification\",\"valueRequired\":true,\"valueName\":\"search_term_string\"}}],\"inLanguage\":\"es\"},{\"@type\":\"Organization\",\"@id\":\"https:\/\/proyectpc.es\/#organization\",\"name\":\"ProyectPc\",\"url\":\"https:\/\/proyectpc.es\/\",\"logo\":{\"@type\":\"ImageObject\",\"inLanguage\":\"es\",\"@id\":\"https:\/\/proyectpc.es\/#\/schema\/logo\/image\/\",\"url\":\"https:\/\/proyectpc.es\/wp-content\/uploads\/2023\/04\/publicidad-solo-texto-blanco-sin-marco-300x64-1.png\",\"contentUrl\":\"https:\/\/proyectpc.es\/wp-content\/uploads\/2023\/04\/publicidad-solo-texto-blanco-sin-marco-300x64-1.png\",\"width\":300,\"height\":64,\"caption\":\"ProyectPc\"},\"image\":{\"@id\":\"https:\/\/proyectpc.es\/#\/schema\/logo\/image\/\"},\"sameAs\":[\"https:\/\/www.facebook.com\/people\/Informtica-ProyectPc\/61557099896924\/\",\"https:\/\/www.instagram.com\/proyectpc\/\",\"https:\/\/www.tiktok.com\/@proyectpc\"]}]}<\/script>\n<!-- \/ Yoast SEO plugin. -->","yoast_head_json":{"title":"Servicios de ProyectPc en Burgos | Soluciones Inform\u00e1ticas y Digitales","description":"Descubre los servicios de ProyectPc en Burgos: inform\u00e1tica, ciberseguridad, dise\u00f1o web, comercio electr\u00f3nico, gesti\u00f3n de redes sociales y m\u00e1s. Soluciones integrales para tu negocio. \u00a1Cont\u00e1ctanos hoy!","robots":{"index":"index","follow":"follow","max-snippet":"max-snippet:-1","max-image-preview":"max-image-preview:large","max-video-preview":"max-video-preview:-1"},"canonical":"https:\/\/proyectpc.es\/index.php\/servicios\/","og_locale":"es_ES","og_type":"article","og_title":"Servicios de ProyectPc en Burgos | Soluciones Inform\u00e1ticas y Digitales","og_description":"Descubre los servicios de ProyectPc en Burgos: inform\u00e1tica, ciberseguridad, dise\u00f1o web, comercio electr\u00f3nico, gesti\u00f3n de redes sociales y m\u00e1s. Soluciones integrales para tu negocio. \u00a1Cont\u00e1ctanos hoy!","og_url":"https:\/\/proyectpc.es\/index.php\/servicios\/","og_site_name":"ProyectPc","article_publisher":"https:\/\/www.facebook.com\/people\/Informtica-ProyectPc\/61557099896924\/","article_modified_time":"2024-11-20T12:31:20+00:00","og_image":[{"url":"https:\/\/proyectpc.es\/wp-content\/uploads\/2023\/04\/pic-21.jpg","type":"","width":"","height":""}],"twitter_card":"summary_large_image","twitter_misc":{"Tiempo de lectura":"1 minuto"},"schema":{"@context":"https:\/\/schema.org","@graph":[{"@type":"WebPage","@id":"https:\/\/proyectpc.es\/index.php\/servicios\/","url":"https:\/\/proyectpc.es\/index.php\/servicios\/","name":"Servicios de ProyectPc en Burgos | Soluciones Inform\u00e1ticas y Digitales","isPartOf":{"@id":"https:\/\/proyectpc.es\/#website"},"primaryImageOfPage":{"@id":"https:\/\/proyectpc.es\/index.php\/servicios\/#primaryimage"},"image":{"@id":"https:\/\/proyectpc.es\/index.php\/servicios\/#primaryimage"},"thumbnailUrl":"https:\/\/proyectpc.es\/wp-content\/uploads\/2023\/04\/pic-21.jpg","datePublished":"2023-10-25T10:36:08+00:00","dateModified":"2024-11-20T12:31:20+00:00","description":"Descubre los servicios de ProyectPc en Burgos: inform\u00e1tica, ciberseguridad, dise\u00f1o web, comercio electr\u00f3nico, gesti\u00f3n de redes sociales y m\u00e1s. Soluciones integrales para tu negocio. \u00a1Cont\u00e1ctanos hoy!","breadcrumb":{"@id":"https:\/\/proyectpc.es\/index.php\/servicios\/#breadcrumb"},"inLanguage":"es","potentialAction":[{"@type":"ReadAction","target":["https:\/\/proyectpc.es\/index.php\/servicios\/"]}]},{"@type":"ImageObject","inLanguage":"es","@id":"https:\/\/proyectpc.es\/index.php\/servicios\/#primaryimage","url":"https:\/\/proyectpc.es\/wp-content\/uploads\/2023\/04\/pic-21.jpg","contentUrl":"https:\/\/proyectpc.es\/wp-content\/uploads\/2023\/04\/pic-21.jpg","width":366,"height":450},{"@type":"BreadcrumbList","@id":"https:\/\/proyectpc.es\/index.php\/servicios\/#breadcrumb","itemListElement":[{"@type":"ListItem","position":1,"name":"Portada","item":"https:\/\/proyectpc.es\/"},{"@type":"ListItem","position":2,"name":"Servicios"}]},{"@type":"WebSite","@id":"https:\/\/proyectpc.es\/#website","url":"https:\/\/proyectpc.es\/","name":"ProyectPc - Tienda de Inform\u00e1tica en Burgos","description":"Tu tienda de inform\u00e1tica en Burgos","publisher":{"@id":"https:\/\/proyectpc.es\/#organization"},"potentialAction":[{"@type":"SearchAction","target":{"@type":"EntryPoint","urlTemplate":"https:\/\/proyectpc.es\/?s={search_term_string}"},"query-input":{"@type":"PropertyValueSpecification","valueRequired":true,"valueName":"search_term_string"}}],"inLanguage":"es"},{"@type":"Organization","@id":"https:\/\/proyectpc.es\/#organization","name":"ProyectPc","url":"https:\/\/proyectpc.es\/","logo":{"@type":"ImageObject","inLanguage":"es","@id":"https:\/\/proyectpc.es\/#\/schema\/logo\/image\/","url":"https:\/\/proyectpc.es\/wp-content\/uploads\/2023\/04\/publicidad-solo-texto-blanco-sin-marco-300x64-1.png","contentUrl":"https:\/\/proyectpc.es\/wp-content\/uploads\/2023\/04\/publicidad-solo-texto-blanco-sin-marco-300x64-1.png","width":300,"height":64,"caption":"ProyectPc"},"image":{"@id":"https:\/\/proyectpc.es\/#\/schema\/logo\/image\/"},"sameAs":["https:\/\/www.facebook.com\/people\/Informtica-ProyectPc\/61557099896924\/","https:\/\/www.instagram.com\/proyectpc\/","https:\/\/www.tiktok.com\/@proyectpc"]}]}},"_links":{"self":[{"href":"https:\/\/proyectpc.es\/index.php\/wp-json\/wp\/v2\/pages\/1191","targetHints":{"allow":["GET"]}}],"collection":[{"href":"https:\/\/proyectpc.es\/index.php\/wp-json\/wp\/v2\/pages"}],"about":[{"href":"https:\/\/proyectpc.es\/index.php\/wp-json\/wp\/v2\/types\/page"}],"author":[{"embeddable":true,"href":"https:\/\/proyectpc.es\/index.php\/wp-json\/wp\/v2\/users\/1"}],"replies":[{"embeddable":true,"href":"https:\/\/proyectpc.es\/index.php\/wp-json\/wp\/v2\/comments?post=1191"}],"version-history":[{"count":44,"href":"https:\/\/proyectpc.es\/index.php\/wp-json\/wp\/v2\/pages\/1191\/revisions"}],"predecessor-version":[{"id":1238,"href":"https:\/\/proyectpc.es\/index.php\/wp-json\/wp\/v2\/pages\/1191\/revisions\/1238"}],"wp:attachment":[{"href":"https:\/\/proyectpc.es\/index.php\/wp-json\/wp\/v2\/media?parent=1191"}],"curies":[{"name":"wp","href":"https:\/\/api.w.org\/{rel}","templated":true}]}}