{"id":1404,"date":"2023-10-25T18:13:05","date_gmt":"2023-10-25T16:13:05","guid":{"rendered":"https:\/\/proyectpc.es\/?page_id=1404"},"modified":"2024-11-20T13:28:57","modified_gmt":"2024-11-20T12:28:57","slug":"gestion-de-clientes-kit-digital-proyectpc","status":"publish","type":"page","link":"https:\/\/proyectpc.es\/index.php\/gestion-de-clientes-kit-digital-proyectpc\/","title":{"rendered":"Gesti\u00f3n de Clientes Kit Digital ProyectPc"},"content":{"rendered":"\t\t<div data-elementor-type=\"wp-page\" data-elementor-id=\"1404\" class=\"elementor elementor-1404\" data-elementor-settings=\"{&quot;ha_cmc_init_switcher&quot;:&quot;no&quot;}\">\n\t\t\t\t<div class=\"elementor-element elementor-element-31426d8 e-flex e-con-boxed wpr-particle-no wpr-jarallax-no wpr-parallax-no wpr-sticky-section-no e-con e-parent\" data-id=\"31426d8\" data-element_type=\"container\" data-settings=\"{&quot;_ha_eqh_enable&quot;:false}\">\n\t\t\t\t\t<div class=\"e-con-inner\">\n\t\t\t\t<div class=\"elementor-element elementor-element-14e9cc4 elementor-widget elementor-widget-spacer\" data-id=\"14e9cc4\" data-element_type=\"widget\" data-widget_type=\"spacer.default\">\n\t\t\t\t<div class=\"elementor-widget-container\">\n\t\t\t\t\t\t\t<div class=\"elementor-spacer\">\n\t\t\t<div class=\"elementor-spacer-inner\"><\/div>\n\t\t<\/div>\n\t\t\t\t\t\t<\/div>\n\t\t\t\t<\/div>\n\t\t\t\t\t<\/div>\n\t\t\t\t<\/div>\n\t\t<div class=\"elementor-element elementor-element-751779b e-flex e-con-boxed wpr-particle-no wpr-jarallax-no wpr-parallax-no wpr-sticky-section-no e-con e-parent\" data-id=\"751779b\" data-element_type=\"container\" data-settings=\"{&quot;_ha_eqh_enable&quot;:false}\">\n\t\t\t\t\t<div class=\"e-con-inner\">\n\t\t\t\t<div class=\"elementor-element elementor-element-7ed2f48 wpr-button-icon-style-inline wpr-button-icon-position-right elementor-widget elementor-widget-wpr-button\" data-id=\"7ed2f48\" data-element_type=\"widget\" data-widget_type=\"wpr-button.default\">\n\t\t\t\t<div class=\"elementor-widget-container\">\n\t\t\t\t\t\t\n\t\t\t\n\t\t\n\t\t<div class=\"wpr-button-wrap elementor-clearfix\">\n\t\t<a class=\"wpr-button wpr-button-effect wpr-button-wayra-right\" data-text=\"\" href=\"https:\/\/proyectpc.es\/index.php\/kit-digital\/#kitdigital\">\n\t\t\t\n\t\t\t<span class=\"wpr-button-content\">\n\t\t\t\t\t\t\t\t\t<span class=\"wpr-button-text\">Volver a Kit Digital<\/span>\n\t\t\t\t\t\t\t\t\n\t\t\t\t\t\t\t\t\t<span class=\"wpr-button-icon\"><i class=\"fas fa-angle-double-left\"><\/i><\/span>\n\t\t\t\t\t\t\t<\/span>\n\t\t<\/a>\n\n\t\t\t\t<\/div>\n\t\n\t\n\t\t\t\t\t<\/div>\n\t\t\t\t<\/div>\n\t\t\t\t\t<\/div>\n\t\t\t\t<\/div>\n\t\t<div class=\"wpr-parallax-multi-layer\" scalar-speed=\"10\" direction=\"no\" style=\"overflow: hidden;\"><div data-depth=\"0.4\" style-top=\"30%\" style-left=\"40%\" class=\"wpr-parallax-ml-children elementor-repeater-item-d111730\"><img decoding=\"async\" src=\"https:\/\/proyectpc.es\/wp-content\/uploads\/2023\/10\/OIP__2_-removebg-preview-1.png\"><\/div><div data-depth=\"0.4\" style-top=\"60%\" style-left=\"20%\" class=\"wpr-parallax-ml-children elementor-repeater-item-c1d70ee\"><img decoding=\"async\" src=\"https:\/\/proyectpc.es\/wp-content\/uploads\/2023\/10\/png-transparent-circle-point-circle-blue-rectangle-electric-blue-removebg-preview.png\"><\/div><\/div>\t\t<section class=\"elementor-section elementor-top-section elementor-element elementor-element-2907187 wpr-parallax-yes elementor-section-boxed elementor-section-height-default elementor-section-height-default wpr-particle-no wpr-jarallax-no wpr-sticky-section-no\" data-id=\"2907187\" data-element_type=\"section\" data-settings=\"{&quot;_ha_eqh_enable&quot;:false}\">\n\t\t\t\t\t\t<div class=\"elementor-container elementor-column-gap-wide\">\n\t\t\t\t\t<div class=\"elementor-column elementor-col-50 elementor-top-column elementor-element elementor-element-071a4a7\" data-id=\"071a4a7\" data-element_type=\"column\">\n\t\t\t<div class=\"elementor-widget-wrap elementor-element-populated\">\n\t\t\t\t\t\t<div class=\"elementor-element elementor-element-f8243da elementor-widget elementor-widget-image\" data-id=\"f8243da\" data-element_type=\"widget\" data-widget_type=\"image.default\">\n\t\t\t\t<div class=\"elementor-widget-container\">\n\t\t\t\t\t\t\t\t\t\t\t\t\t\t\t<img fetchpriority=\"high\" decoding=\"async\" width=\"300\" height=\"300\" src=\"https:\/\/proyectpc.es\/wp-content\/uploads\/2023\/10\/redes-sociales-300x300.png\" class=\"attachment-medium size-medium wp-image-1343\" alt=\"\" srcset=\"https:\/\/proyectpc.es\/wp-content\/uploads\/2023\/10\/redes-sociales-300x300.png 300w, https:\/\/proyectpc.es\/wp-content\/uploads\/2023\/10\/redes-sociales-150x150.png 150w, https:\/\/proyectpc.es\/wp-content\/uploads\/2023\/10\/redes-sociales.png 512w\" sizes=\"(max-width: 300px) 100vw, 300px\" \/>\t\t\t\t\t\t\t\t\t\t\t\t\t\t\t<\/div>\n\t\t\t\t<\/div>\n\t\t\t\t\t<\/div>\n\t\t<\/div>\n\t\t\t\t<div class=\"elementor-column elementor-col-50 elementor-top-column elementor-element elementor-element-1471e1d\" data-id=\"1471e1d\" data-element_type=\"column\">\n\t\t\t<div class=\"elementor-widget-wrap elementor-element-populated\">\n\t\t\t\t\t\t<div class=\"elementor-element elementor-element-f829922 elementor-widget elementor-widget-heading\" data-id=\"f829922\" data-element_type=\"widget\" data-widget_type=\"heading.default\">\n\t\t\t\t<div class=\"elementor-widget-container\">\n\t\t\t\t\t<h2 class=\"elementor-heading-title elementor-size-default\">Desde 450\u20ac al a\u00f1o<\/h2>\t\t\t\t<\/div>\n\t\t\t\t<\/div>\n\t\t\t\t<div class=\"elementor-element elementor-element-5cdc5d6 elementor-widget elementor-widget-heading\" data-id=\"5cdc5d6\" data-element_type=\"widget\" data-widget_type=\"heading.default\">\n\t\t\t\t<div class=\"elementor-widget-container\">\n\t\t\t\t\t<h2 class=\"elementor-heading-title elementor-size-default\">GESTI\u00d3N DE CLIENTES\n<\/h2>\t\t\t\t<\/div>\n\t\t\t\t<\/div>\n\t\t\t\t<div class=\"elementor-element elementor-element-1994ff7 elementor-widget elementor-widget-text-editor\" data-id=\"1994ff7\" data-element_type=\"widget\" data-widget_type=\"text-editor.default\">\n\t\t\t\t<div class=\"elementor-widget-container\">\n\t\t\t\t\t\t\t\t\tLas empresas que implementen un CRM podr\u00e1n mejorar notablemente la calidad de sus servicios y la satisfacci\u00f3n de sus clientes. Un CRM ayuda a las empresas a gestionar de forma eficiente y efectiva la relaci\u00f3n con sus clientes, lo que permite mantenerlos satisfechos y fidelizados.\n\n\t\t\t\t\t\t\t\t<\/div>\n\t\t\t\t<\/div>\n\t\t\t\t\t<\/div>\n\t\t<\/div>\n\t\t\t\t\t<\/div>\n\t\t<\/section>\n\t\t<div class=\"elementor-element elementor-element-0dc1900 e-flex e-con-boxed wpr-particle-no wpr-jarallax-no wpr-parallax-no wpr-sticky-section-no e-con e-parent\" data-id=\"0dc1900\" data-element_type=\"container\" data-settings=\"{&quot;_ha_eqh_enable&quot;:false}\">\n\t\t\t\t\t<div class=\"e-con-inner\">\n\t\t\t\t<div class=\"elementor-element elementor-element-44b6e11 wpr-button-icon-style-inline wpr-button-icon-position-right elementor-widget elementor-widget-wpr-button\" data-id=\"44b6e11\" data-element_type=\"widget\" data-widget_type=\"wpr-button.default\">\n\t\t\t\t<div class=\"elementor-widget-container\">\n\t\t\t\t\t\t\n\t\t\t\n\t\t\n\t\t<div class=\"wpr-button-wrap elementor-clearfix\">\n\t\t<a class=\"wpr-button wpr-button-effect wpr-button-wayra-right\" data-text=\"\" href=\"https:\/\/proyectpc.es\/index.php\/contact\/\">\n\t\t\t\n\t\t\t<span class=\"wpr-button-content\">\n\t\t\t\t\t\t\t\t\t<span class=\"wpr-button-text\">Contacto<\/span>\n\t\t\t\t\t\t\t\t\n\t\t\t\t\t\t\t<\/span>\n\t\t<\/a>\n\n\t\t\t\t<\/div>\n\t\n\t\n\t\t\t\t\t<\/div>\n\t\t\t\t<\/div>\n\t\t\t\t\t<\/div>\n\t\t\t\t<\/div>\n\t\t<div class=\"elementor-element elementor-element-1e65e3d e-flex e-con-boxed wpr-particle-no wpr-jarallax-no wpr-parallax-no wpr-sticky-section-no e-con e-parent\" data-id=\"1e65e3d\" data-element_type=\"container\" data-settings=\"{&quot;_ha_eqh_enable&quot;:false}\">\n\t\t\t\t\t<div class=\"e-con-inner\">\n\t\t\t\t<div class=\"elementor-element elementor-element-7117abf elementor-hidden-mobile elementor-widget elementor-widget-text-editor\" data-id=\"7117abf\" data-element_type=\"widget\" data-widget_type=\"text-editor.default\">\n\t\t\t\t<div class=\"elementor-widget-container\">\n\t\t\t\t\t\t\t\t\t<p style=\"text-align: center;\"><strong>Ponemos a su disposici\u00f3n un amplio abanico de programas para la gesti\u00f3n del d\u00eda a d\u00eda de su empresa cuyo\u00a0objetivo\u00a0sea:<\/strong><\/p><ol><li style=\"text-align: left;\"><span data-offset-key=\"anblk-16-0\">Mant<\/span><span data-offset-key=\"anblk-17-0\">ener<\/span><span data-offset-key=\"anblk-18-0\">\u00a0el<\/span><span data-offset-key=\"anblk-19-0\">\u00a0contact<\/span><span data-offset-key=\"anblk-20-0\">o<\/span><span data-offset-key=\"anblk-21-0\">\u00a0con<\/span><span data-offset-key=\"anblk-22-0\">\u00a0el<\/span><span data-offset-key=\"anblk-23-0\">\u00a0client<\/span><span data-offset-key=\"anblk-24-0\">e<\/span><\/li><li style=\"text-align: left;\"><span data-offset-key=\"anblk-29-0\">Gest<\/span><span data-offset-key=\"anblk-30-0\">ion<\/span><span data-offset-key=\"anblk-31-0\">ar<\/span><span data-offset-key=\"anblk-32-0\">\u00a0el<\/span><span data-offset-key=\"anblk-33-0\">\u00a0histor<\/span><span data-offset-key=\"anblk-34-0\">ial<\/span><span data-offset-key=\"anblk-35-0\">\u00a0de<\/span><span data-offset-key=\"anblk-36-0\">\u00a0client<\/span><span data-offset-key=\"anblk-37-0\">es<\/span><\/li><li style=\"text-align: left;\"><span data-offset-key=\"anblk-42-0\">Gener<\/span><span data-offset-key=\"anblk-43-0\">ar<\/span><span data-offset-key=\"anblk-44-0\">\u00a0inform<\/span><span data-offset-key=\"anblk-45-0\">es<\/span><span data-offset-key=\"anblk-46-0\">\u00a0so<\/span><span data-offset-key=\"anblk-47-0\">bre<\/span><span data-offset-key=\"anblk-48-0\">\u00a0el<\/span><span data-offset-key=\"anblk-49-0\">\u00a0histor<\/span><span data-offset-key=\"anblk-50-0\">ial<\/span><span data-offset-key=\"anblk-51-0\">\u00a0de<\/span><span data-offset-key=\"anblk-52-0\">\u00a0client<\/span><span data-offset-key=\"anblk-53-0\">es<\/span><\/li><li style=\"text-align: left;\"><span data-offset-key=\"anblk-58-0\">Mant<\/span><span data-offset-key=\"anblk-59-0\">ener<\/span><span data-offset-key=\"anblk-60-0\">\u00a0un<\/span><span data-offset-key=\"anblk-61-0\">a<\/span><span data-offset-key=\"anblk-62-0\">\u00a0base<\/span><span data-offset-key=\"anblk-63-0\">\u00a0de<\/span><span data-offset-key=\"anblk-64-0\">\u00a0dat<\/span><span data-offset-key=\"anblk-65-0\">os<\/span><span data-offset-key=\"anblk-66-0\">\u00a0actual<\/span><span data-offset-key=\"anblk-67-0\">iz<\/span><span data-offset-key=\"anblk-68-0\">ada<\/span><span data-offset-key=\"anblk-69-0\">\u00a0de<\/span><span data-offset-key=\"anblk-70-0\">\u00a0client<\/span><span data-offset-key=\"anblk-71-0\">es<\/span><\/li><li style=\"text-align: left;\"><span data-offset-key=\"anblk-76-0\">Gest<\/span><span data-offset-key=\"anblk-77-0\">ion<\/span><span data-offset-key=\"anblk-78-0\">ar<\/span><span data-offset-key=\"anblk-79-0\">\u00a0las<\/span><span data-offset-key=\"anblk-80-0\">\u00a0rel<\/span><span data-offset-key=\"anblk-81-0\">acion<\/span><span data-offset-key=\"anblk-82-0\">es<\/span><span data-offset-key=\"anblk-83-0\">\u00a0con<\/span><span data-offset-key=\"anblk-84-0\">\u00a0el<\/span><span data-offset-key=\"anblk-85-0\">\u00a0client<\/span><span data-offset-key=\"anblk-86-0\">e<\/span><\/li><li style=\"text-align: left;\"><span data-offset-key=\"anblk-91-0\">Detect<\/span><span data-offset-key=\"anblk-92-0\">ar<\/span><span data-offset-key=\"anblk-93-0\">\u00a0problem<\/span><span data-offset-key=\"anblk-94-0\">as<\/span><span data-offset-key=\"anblk-95-0\">\u00a0en<\/span><span data-offset-key=\"anblk-96-0\">\u00a0las<\/span><span data-offset-key=\"anblk-97-0\">\u00a0rel<\/span><span data-offset-key=\"anblk-98-0\">acion<\/span><span data-offset-key=\"anblk-99-0\">es<\/span><span data-offset-key=\"anblk-100-0\">\u00a0con<\/span><span data-offset-key=\"anblk-101-0\">\u00a0el<\/span><span data-offset-key=\"anblk-102-0\">\u00a0client<\/span><span data-offset-key=\"anblk-103-0\">e<\/span><\/li><li style=\"text-align: left;\"><span data-offset-key=\"anblk-108-0\">Bus<\/span><span data-offset-key=\"anblk-109-0\">car<\/span><span data-offset-key=\"anblk-110-0\">\u00a0n<\/span><span data-offset-key=\"anblk-111-0\">ue<\/span><span data-offset-key=\"anblk-112-0\">v<\/span><span data-offset-key=\"anblk-113-0\">os<\/span><span data-offset-key=\"anblk-114-0\">\u00a0client<\/span><span data-offset-key=\"anblk-115-0\">es<\/span><\/li><\/ol>\t\t\t\t\t\t\t\t<\/div>\n\t\t\t\t<\/div>\n\t\t\t\t\t<\/div>\n\t\t\t\t<\/div>\n\t\t<div class=\"elementor-element elementor-element-fb45a49 e-flex e-con-boxed wpr-particle-no wpr-jarallax-no wpr-parallax-no wpr-sticky-section-no e-con e-parent\" data-id=\"fb45a49\" data-element_type=\"container\" data-settings=\"{&quot;_ha_eqh_enable&quot;:false}\">\n\t\t\t\t\t<div class=\"e-con-inner\">\n\t\t\t\t<div class=\"elementor-element elementor-element-fbe0270 elementor-widget elementor-widget-spacer\" data-id=\"fbe0270\" data-element_type=\"widget\" data-widget_type=\"spacer.default\">\n\t\t\t\t<div class=\"elementor-widget-container\">\n\t\t\t\t\t\t\t<div class=\"elementor-spacer\">\n\t\t\t<div class=\"elementor-spacer-inner\"><\/div>\n\t\t<\/div>\n\t\t\t\t\t\t<\/div>\n\t\t\t\t<\/div>\n\t\t\t\t\t<\/div>\n\t\t\t\t<\/div>\n\t\t\t\t<\/div>\n\t\t","protected":false},"excerpt":{"rendered":"<p>Volver a Kit Digital Desde 450\u20ac al a\u00f1o GESTI\u00d3N DE CLIENTES Las empresas que implementen un CRM podr\u00e1n mejorar notablemente la calidad de sus servicios y la satisfacci\u00f3n de sus clientes. Un CRM ayuda a las empresas a gestionar de forma eficiente y efectiva la relaci\u00f3n con sus clientes, lo que permite mantenerlos satisfechos y fidelizados. Contacto Ponemos a su disposici\u00f3n un amplio abanico de programas para la gesti\u00f3n del d\u00eda a d\u00eda de su empresa cuyo\u00a0objetivo\u00a0sea: Mantener\u00a0el\u00a0contacto\u00a0con\u00a0el\u00a0cliente Gestionar\u00a0el\u00a0historial\u00a0de\u00a0clientes Generar\u00a0informes\u00a0sobre\u00a0el\u00a0historial\u00a0de\u00a0clientes Mantener\u00a0una\u00a0base\u00a0de\u00a0datos\u00a0actualizada\u00a0de\u00a0clientes Gestionar\u00a0las\u00a0relaciones\u00a0con\u00a0el\u00a0cliente Detectar\u00a0problemas\u00a0en\u00a0las\u00a0relaciones\u00a0con\u00a0el\u00a0cliente Buscar\u00a0nuevos\u00a0clientes<\/p>\n","protected":false},"author":1,"featured_media":1345,"parent":0,"menu_order":0,"comment_status":"closed","ping_status":"closed","template":"elementor_header_footer","meta":{"footnotes":""},"class_list":["post-1404","page","type-page","status-publish","has-post-thumbnail","hentry"],"yoast_head":"<!-- This site is optimized with the Yoast SEO plugin v26.1.1 - https:\/\/yoast.com\/wordpress\/plugins\/seo\/ -->\n<title>Gesti\u00f3n de Clientes Kit Digital en Burgos - ProyectPc | CRM para tu Negocio<\/title>\n<meta name=\"description\" content=\"Mejora la relaci\u00f3n con tus clientes con el Kit Digital de ProyectPc. Soluciones de gesti\u00f3n de clientes (CRM) en Burgos para automatizar y optimizar tus procesos. \u00a1Solicita tu bono ahora!\" \/>\n<meta name=\"robots\" content=\"index, follow, max-snippet:-1, max-image-preview:large, max-video-preview:-1\" \/>\n<link rel=\"canonical\" href=\"https:\/\/proyectpc.es\/index.php\/gestion-de-clientes-kit-digital-proyectpc\/\" \/>\n<meta property=\"og:locale\" content=\"es_ES\" \/>\n<meta property=\"og:type\" content=\"article\" \/>\n<meta property=\"og:title\" content=\"Gesti\u00f3n de Clientes Kit Digital en Burgos - ProyectPc | CRM para tu Negocio\" \/>\n<meta property=\"og:description\" content=\"Mejora la relaci\u00f3n con tus clientes con el Kit Digital de ProyectPc. Soluciones de gesti\u00f3n de clientes (CRM) en Burgos para automatizar y optimizar tus procesos. \u00a1Solicita tu bono ahora!\" \/>\n<meta property=\"og:url\" content=\"https:\/\/proyectpc.es\/index.php\/gestion-de-clientes-kit-digital-proyectpc\/\" \/>\n<meta property=\"og:site_name\" content=\"ProyectPc\" \/>\n<meta property=\"article:publisher\" content=\"https:\/\/www.facebook.com\/people\/Informtica-ProyectPc\/61557099896924\/\" \/>\n<meta property=\"article:modified_time\" content=\"2024-11-20T12:28:57+00:00\" \/>\n<meta property=\"og:image\" content=\"https:\/\/proyectpc.es\/wp-content\/uploads\/2023\/10\/enlace-web.png\" \/>\n\t<meta property=\"og:image:width\" content=\"512\" \/>\n\t<meta property=\"og:image:height\" content=\"512\" \/>\n\t<meta property=\"og:image:type\" content=\"image\/png\" \/>\n<meta name=\"twitter:card\" content=\"summary_large_image\" \/>\n<meta name=\"twitter:label1\" content=\"Tiempo de lectura\" \/>\n\t<meta name=\"twitter:data1\" content=\"1 minuto\" \/>\n<script type=\"application\/ld+json\" class=\"yoast-schema-graph\">{\"@context\":\"https:\/\/schema.org\",\"@graph\":[{\"@type\":\"WebPage\",\"@id\":\"https:\/\/proyectpc.es\/index.php\/gestion-de-clientes-kit-digital-proyectpc\/\",\"url\":\"https:\/\/proyectpc.es\/index.php\/gestion-de-clientes-kit-digital-proyectpc\/\",\"name\":\"Gesti\u00f3n de Clientes Kit Digital en Burgos - ProyectPc | CRM para tu Negocio\",\"isPartOf\":{\"@id\":\"https:\/\/proyectpc.es\/#website\"},\"primaryImageOfPage\":{\"@id\":\"https:\/\/proyectpc.es\/index.php\/gestion-de-clientes-kit-digital-proyectpc\/#primaryimage\"},\"image\":{\"@id\":\"https:\/\/proyectpc.es\/index.php\/gestion-de-clientes-kit-digital-proyectpc\/#primaryimage\"},\"thumbnailUrl\":\"https:\/\/proyectpc.es\/wp-content\/uploads\/2023\/10\/enlace-web.png\",\"datePublished\":\"2023-10-25T16:13:05+00:00\",\"dateModified\":\"2024-11-20T12:28:57+00:00\",\"description\":\"Mejora la relaci\u00f3n con tus clientes con el Kit Digital de ProyectPc. Soluciones de gesti\u00f3n de clientes (CRM) en Burgos para automatizar y optimizar tus procesos. \u00a1Solicita tu bono ahora!\",\"breadcrumb\":{\"@id\":\"https:\/\/proyectpc.es\/index.php\/gestion-de-clientes-kit-digital-proyectpc\/#breadcrumb\"},\"inLanguage\":\"es\",\"potentialAction\":[{\"@type\":\"ReadAction\",\"target\":[\"https:\/\/proyectpc.es\/index.php\/gestion-de-clientes-kit-digital-proyectpc\/\"]}]},{\"@type\":\"ImageObject\",\"inLanguage\":\"es\",\"@id\":\"https:\/\/proyectpc.es\/index.php\/gestion-de-clientes-kit-digital-proyectpc\/#primaryimage\",\"url\":\"https:\/\/proyectpc.es\/wp-content\/uploads\/2023\/10\/enlace-web.png\",\"contentUrl\":\"https:\/\/proyectpc.es\/wp-content\/uploads\/2023\/10\/enlace-web.png\",\"width\":512,\"height\":512},{\"@type\":\"BreadcrumbList\",\"@id\":\"https:\/\/proyectpc.es\/index.php\/gestion-de-clientes-kit-digital-proyectpc\/#breadcrumb\",\"itemListElement\":[{\"@type\":\"ListItem\",\"position\":1,\"name\":\"Portada\",\"item\":\"https:\/\/proyectpc.es\/\"},{\"@type\":\"ListItem\",\"position\":2,\"name\":\"Gesti\u00f3n de Clientes Kit Digital ProyectPc\"}]},{\"@type\":\"WebSite\",\"@id\":\"https:\/\/proyectpc.es\/#website\",\"url\":\"https:\/\/proyectpc.es\/\",\"name\":\"ProyectPc - Tienda de Inform\u00e1tica en Burgos\",\"description\":\"Tu tienda de inform\u00e1tica en Burgos\",\"publisher\":{\"@id\":\"https:\/\/proyectpc.es\/#organization\"},\"potentialAction\":[{\"@type\":\"SearchAction\",\"target\":{\"@type\":\"EntryPoint\",\"urlTemplate\":\"https:\/\/proyectpc.es\/?s={search_term_string}\"},\"query-input\":{\"@type\":\"PropertyValueSpecification\",\"valueRequired\":true,\"valueName\":\"search_term_string\"}}],\"inLanguage\":\"es\"},{\"@type\":\"Organization\",\"@id\":\"https:\/\/proyectpc.es\/#organization\",\"name\":\"ProyectPc\",\"url\":\"https:\/\/proyectpc.es\/\",\"logo\":{\"@type\":\"ImageObject\",\"inLanguage\":\"es\",\"@id\":\"https:\/\/proyectpc.es\/#\/schema\/logo\/image\/\",\"url\":\"https:\/\/proyectpc.es\/wp-content\/uploads\/2023\/04\/publicidad-solo-texto-blanco-sin-marco-300x64-1.png\",\"contentUrl\":\"https:\/\/proyectpc.es\/wp-content\/uploads\/2023\/04\/publicidad-solo-texto-blanco-sin-marco-300x64-1.png\",\"width\":300,\"height\":64,\"caption\":\"ProyectPc\"},\"image\":{\"@id\":\"https:\/\/proyectpc.es\/#\/schema\/logo\/image\/\"},\"sameAs\":[\"https:\/\/www.facebook.com\/people\/Informtica-ProyectPc\/61557099896924\/\",\"https:\/\/www.instagram.com\/proyectpc\/\",\"https:\/\/www.tiktok.com\/@proyectpc\"]}]}<\/script>\n<!-- \/ Yoast SEO plugin. -->","yoast_head_json":{"title":"Gesti\u00f3n de Clientes Kit Digital en Burgos - ProyectPc | CRM para tu Negocio","description":"Mejora la relaci\u00f3n con tus clientes con el Kit Digital de ProyectPc. Soluciones de gesti\u00f3n de clientes (CRM) en Burgos para automatizar y optimizar tus procesos. \u00a1Solicita tu bono ahora!","robots":{"index":"index","follow":"follow","max-snippet":"max-snippet:-1","max-image-preview":"max-image-preview:large","max-video-preview":"max-video-preview:-1"},"canonical":"https:\/\/proyectpc.es\/index.php\/gestion-de-clientes-kit-digital-proyectpc\/","og_locale":"es_ES","og_type":"article","og_title":"Gesti\u00f3n de Clientes Kit Digital en Burgos - ProyectPc | CRM para tu Negocio","og_description":"Mejora la relaci\u00f3n con tus clientes con el Kit Digital de ProyectPc. Soluciones de gesti\u00f3n de clientes (CRM) en Burgos para automatizar y optimizar tus procesos. \u00a1Solicita tu bono ahora!","og_url":"https:\/\/proyectpc.es\/index.php\/gestion-de-clientes-kit-digital-proyectpc\/","og_site_name":"ProyectPc","article_publisher":"https:\/\/www.facebook.com\/people\/Informtica-ProyectPc\/61557099896924\/","article_modified_time":"2024-11-20T12:28:57+00:00","og_image":[{"width":512,"height":512,"url":"https:\/\/proyectpc.es\/wp-content\/uploads\/2023\/10\/enlace-web.png","type":"image\/png"}],"twitter_card":"summary_large_image","twitter_misc":{"Tiempo de lectura":"1 minuto"},"schema":{"@context":"https:\/\/schema.org","@graph":[{"@type":"WebPage","@id":"https:\/\/proyectpc.es\/index.php\/gestion-de-clientes-kit-digital-proyectpc\/","url":"https:\/\/proyectpc.es\/index.php\/gestion-de-clientes-kit-digital-proyectpc\/","name":"Gesti\u00f3n de Clientes Kit Digital en Burgos - ProyectPc | CRM para tu Negocio","isPartOf":{"@id":"https:\/\/proyectpc.es\/#website"},"primaryImageOfPage":{"@id":"https:\/\/proyectpc.es\/index.php\/gestion-de-clientes-kit-digital-proyectpc\/#primaryimage"},"image":{"@id":"https:\/\/proyectpc.es\/index.php\/gestion-de-clientes-kit-digital-proyectpc\/#primaryimage"},"thumbnailUrl":"https:\/\/proyectpc.es\/wp-content\/uploads\/2023\/10\/enlace-web.png","datePublished":"2023-10-25T16:13:05+00:00","dateModified":"2024-11-20T12:28:57+00:00","description":"Mejora la relaci\u00f3n con tus clientes con el Kit Digital de ProyectPc. Soluciones de gesti\u00f3n de clientes (CRM) en Burgos para automatizar y optimizar tus procesos. \u00a1Solicita tu bono ahora!","breadcrumb":{"@id":"https:\/\/proyectpc.es\/index.php\/gestion-de-clientes-kit-digital-proyectpc\/#breadcrumb"},"inLanguage":"es","potentialAction":[{"@type":"ReadAction","target":["https:\/\/proyectpc.es\/index.php\/gestion-de-clientes-kit-digital-proyectpc\/"]}]},{"@type":"ImageObject","inLanguage":"es","@id":"https:\/\/proyectpc.es\/index.php\/gestion-de-clientes-kit-digital-proyectpc\/#primaryimage","url":"https:\/\/proyectpc.es\/wp-content\/uploads\/2023\/10\/enlace-web.png","contentUrl":"https:\/\/proyectpc.es\/wp-content\/uploads\/2023\/10\/enlace-web.png","width":512,"height":512},{"@type":"BreadcrumbList","@id":"https:\/\/proyectpc.es\/index.php\/gestion-de-clientes-kit-digital-proyectpc\/#breadcrumb","itemListElement":[{"@type":"ListItem","position":1,"name":"Portada","item":"https:\/\/proyectpc.es\/"},{"@type":"ListItem","position":2,"name":"Gesti\u00f3n de Clientes Kit Digital ProyectPc"}]},{"@type":"WebSite","@id":"https:\/\/proyectpc.es\/#website","url":"https:\/\/proyectpc.es\/","name":"ProyectPc - Tienda de Inform\u00e1tica en Burgos","description":"Tu tienda de inform\u00e1tica en Burgos","publisher":{"@id":"https:\/\/proyectpc.es\/#organization"},"potentialAction":[{"@type":"SearchAction","target":{"@type":"EntryPoint","urlTemplate":"https:\/\/proyectpc.es\/?s={search_term_string}"},"query-input":{"@type":"PropertyValueSpecification","valueRequired":true,"valueName":"search_term_string"}}],"inLanguage":"es"},{"@type":"Organization","@id":"https:\/\/proyectpc.es\/#organization","name":"ProyectPc","url":"https:\/\/proyectpc.es\/","logo":{"@type":"ImageObject","inLanguage":"es","@id":"https:\/\/proyectpc.es\/#\/schema\/logo\/image\/","url":"https:\/\/proyectpc.es\/wp-content\/uploads\/2023\/04\/publicidad-solo-texto-blanco-sin-marco-300x64-1.png","contentUrl":"https:\/\/proyectpc.es\/wp-content\/uploads\/2023\/04\/publicidad-solo-texto-blanco-sin-marco-300x64-1.png","width":300,"height":64,"caption":"ProyectPc"},"image":{"@id":"https:\/\/proyectpc.es\/#\/schema\/logo\/image\/"},"sameAs":["https:\/\/www.facebook.com\/people\/Informtica-ProyectPc\/61557099896924\/","https:\/\/www.instagram.com\/proyectpc\/","https:\/\/www.tiktok.com\/@proyectpc"]}]}},"_links":{"self":[{"href":"https:\/\/proyectpc.es\/index.php\/wp-json\/wp\/v2\/pages\/1404","targetHints":{"allow":["GET"]}}],"collection":[{"href":"https:\/\/proyectpc.es\/index.php\/wp-json\/wp\/v2\/pages"}],"about":[{"href":"https:\/\/proyectpc.es\/index.php\/wp-json\/wp\/v2\/types\/page"}],"author":[{"embeddable":true,"href":"https:\/\/proyectpc.es\/index.php\/wp-json\/wp\/v2\/users\/1"}],"replies":[{"embeddable":true,"href":"https:\/\/proyectpc.es\/index.php\/wp-json\/wp\/v2\/comments?post=1404"}],"version-history":[{"count":25,"href":"https:\/\/proyectpc.es\/index.php\/wp-json\/wp\/v2\/pages\/1404\/revisions"}],"predecessor-version":[{"id":1951,"href":"https:\/\/proyectpc.es\/index.php\/wp-json\/wp\/v2\/pages\/1404\/revisions\/1951"}],"wp:featuredmedia":[{"embeddable":true,"href":"https:\/\/proyectpc.es\/index.php\/wp-json\/wp\/v2\/media\/1345"}],"wp:attachment":[{"href":"https:\/\/proyectpc.es\/index.php\/wp-json\/wp\/v2\/media?parent=1404"}],"curies":[{"name":"wp","href":"https:\/\/api.w.org\/{rel}","templated":true}]}}