{"id":2256,"date":"2024-11-15T15:55:40","date_gmt":"2024-11-15T14:55:40","guid":{"rendered":"https:\/\/proyectpc.es\/?page_id=2256"},"modified":"2025-06-26T09:30:33","modified_gmt":"2025-06-26T07:30:33","slug":"puesto-seguro","status":"publish","type":"page","link":"https:\/\/proyectpc.es\/index.php\/puesto-seguro\/","title":{"rendered":"Puesto seguro Kit Digital"},"content":{"rendered":"\t\t<div data-elementor-type=\"wp-page\" data-elementor-id=\"2256\" class=\"elementor elementor-2256\" data-elementor-settings=\"{&quot;ha_cmc_init_switcher&quot;:&quot;no&quot;}\">\n\t\t\t\t<div class=\"elementor-element elementor-element-31426d8 e-flex e-con-boxed wpr-particle-no wpr-jarallax-no wpr-parallax-no wpr-sticky-section-no e-con e-parent\" data-id=\"31426d8\" data-element_type=\"container\" data-settings=\"{&quot;_ha_eqh_enable&quot;:false}\">\n\t\t\t\t\t<div class=\"e-con-inner\">\n\t\t\t\t<div class=\"elementor-element elementor-element-14e9cc4 elementor-widget elementor-widget-spacer\" data-id=\"14e9cc4\" data-element_type=\"widget\" data-widget_type=\"spacer.default\">\n\t\t\t\t<div class=\"elementor-widget-container\">\n\t\t\t\t\t\t\t<div class=\"elementor-spacer\">\n\t\t\t<div class=\"elementor-spacer-inner\"><\/div>\n\t\t<\/div>\n\t\t\t\t\t\t<\/div>\n\t\t\t\t<\/div>\n\t\t\t\t\t<\/div>\n\t\t\t\t<\/div>\n\t\t<div class=\"elementor-element elementor-element-c320a25 e-flex e-con-boxed wpr-particle-no wpr-jarallax-no wpr-parallax-no wpr-sticky-section-no e-con e-parent\" data-id=\"c320a25\" data-element_type=\"container\" data-settings=\"{&quot;_ha_eqh_enable&quot;:false}\">\n\t\t\t\t\t<div class=\"e-con-inner\">\n\t\t\t\t<div class=\"elementor-element elementor-element-320f348 wpr-button-icon-style-inline wpr-button-icon-position-right elementor-widget elementor-widget-wpr-button\" data-id=\"320f348\" data-element_type=\"widget\" data-widget_type=\"wpr-button.default\">\n\t\t\t\t<div class=\"elementor-widget-container\">\n\t\t\t\t\t\t\n\t\t\t\n\t\t\n\t\t<div class=\"wpr-button-wrap elementor-clearfix\">\n\t\t<a class=\"wpr-button wpr-button-effect wpr-button-wayra-right\" data-text=\"\" href=\"https:\/\/proyectpc.es\/index.php\/kit-digital\/#kitdigital\">\n\t\t\t\n\t\t\t<span class=\"wpr-button-content\">\n\t\t\t\t\t\t\t\t\t<span class=\"wpr-button-text\">Volver a Kit Digital<\/span>\n\t\t\t\t\t\t\t\t\n\t\t\t\t\t\t\t\t\t<span class=\"wpr-button-icon\"><i class=\"fas fa-angle-double-left\"><\/i><\/span>\n\t\t\t\t\t\t\t<\/span>\n\t\t<\/a>\n\n\t\t\t\t<\/div>\n\t\n\t\n\t\t\t\t\t<\/div>\n\t\t\t\t<\/div>\n\t\t\t\t\t<\/div>\n\t\t\t\t<\/div>\n\t\t<div class=\"wpr-parallax-multi-layer\" scalar-speed=\"10\" direction=\"no\" style=\"overflow: hidden;\"><div data-depth=\"0.4\" style-top=\"30%\" style-left=\"40%\" class=\"wpr-parallax-ml-children elementor-repeater-item-d111730\"><img decoding=\"async\" src=\"https:\/\/proyectpc.es\/wp-content\/uploads\/2023\/10\/OIP__2_-removebg-preview-1.png\"><\/div><div data-depth=\"0.4\" style-top=\"60%\" style-left=\"20%\" class=\"wpr-parallax-ml-children elementor-repeater-item-c1d70ee\"><img decoding=\"async\" src=\"https:\/\/proyectpc.es\/wp-content\/uploads\/2023\/10\/png-transparent-circle-point-circle-blue-rectangle-electric-blue-removebg-preview.png\"><\/div><\/div>\t\t<section class=\"elementor-section elementor-top-section elementor-element elementor-element-2907187 wpr-parallax-yes elementor-section-boxed elementor-section-height-default elementor-section-height-default wpr-particle-no wpr-jarallax-no wpr-sticky-section-no\" data-id=\"2907187\" data-element_type=\"section\" data-settings=\"{&quot;_ha_eqh_enable&quot;:false}\">\n\t\t\t\t\t\t<div class=\"elementor-container elementor-column-gap-wide\">\n\t\t\t\t\t<div class=\"elementor-column elementor-col-50 elementor-top-column elementor-element elementor-element-071a4a7\" data-id=\"071a4a7\" data-element_type=\"column\">\n\t\t\t<div class=\"elementor-widget-wrap elementor-element-populated\">\n\t\t\t\t\t\t<div class=\"elementor-element elementor-element-f8243da elementor-widget elementor-widget-image\" data-id=\"f8243da\" data-element_type=\"widget\" data-widget_type=\"image.default\">\n\t\t\t\t<div class=\"elementor-widget-container\">\n\t\t\t\t\t\t\t\t\t\t\t\t\t\t\t<img fetchpriority=\"high\" decoding=\"async\" width=\"300\" height=\"300\" src=\"https:\/\/proyectpc.es\/wp-content\/uploads\/2024\/11\/seguridad-de-puntos-finales-300x300.png\" class=\"attachment-medium size-medium wp-image-2252\" alt=\"\" srcset=\"https:\/\/proyectpc.es\/wp-content\/uploads\/2024\/11\/seguridad-de-puntos-finales-300x300.png 300w, https:\/\/proyectpc.es\/wp-content\/uploads\/2024\/11\/seguridad-de-puntos-finales-150x150.png 150w, https:\/\/proyectpc.es\/wp-content\/uploads\/2024\/11\/seguridad-de-puntos-finales.png 512w\" sizes=\"(max-width: 300px) 100vw, 300px\" \/>\t\t\t\t\t\t\t\t\t\t\t\t\t\t\t<\/div>\n\t\t\t\t<\/div>\n\t\t\t\t\t<\/div>\n\t\t<\/div>\n\t\t\t\t<div class=\"elementor-column elementor-col-50 elementor-top-column elementor-element elementor-element-1471e1d\" data-id=\"1471e1d\" data-element_type=\"column\">\n\t\t\t<div class=\"elementor-widget-wrap elementor-element-populated\">\n\t\t\t\t\t\t<div class=\"elementor-element elementor-element-f829922 elementor-widget elementor-widget-heading\" data-id=\"f829922\" data-element_type=\"widget\" data-widget_type=\"heading.default\">\n\t\t\t\t<div class=\"elementor-widget-container\">\n\t\t\t\t\t<h2 class=\"elementor-heading-title elementor-size-default\">Hasta 1000\u20ac\n<\/h2>\t\t\t\t<\/div>\n\t\t\t\t<\/div>\n\t\t\t\t<div class=\"elementor-element elementor-element-5cdc5d6 elementor-widget elementor-widget-heading\" data-id=\"5cdc5d6\" data-element_type=\"widget\" data-widget_type=\"heading.default\">\n\t\t\t\t<div class=\"elementor-widget-container\">\n\t\t\t\t\t<h2 class=\"elementor-heading-title elementor-size-default\">Puesto Seguro<\/h2>\t\t\t\t<\/div>\n\t\t\t\t<\/div>\n\t\t\t\t<div class=\"elementor-element elementor-element-1994ff7 elementor-widget elementor-widget-text-editor\" data-id=\"1994ff7\" data-element_type=\"widget\" data-widget_type=\"text-editor.default\">\n\t\t\t\t<div class=\"elementor-widget-container\">\n\t\t\t\t\t\t\t\t\t<p>En <strong>ProyectPc<\/strong>, nos comprometemos a ayudar a las peque\u00f1as y medianas empresas (PYMEs) a digitalizarse de forma segura y eficiente. Gracias al <strong>Kit Digital<\/strong> del Gobierno de Espa\u00f1a, ofrecemos nuestro servicio <strong>\u00abPuesto de Trabajo Seguro\u00bb<\/strong>, una soluci\u00f3n integral que incluye <strong>ordenadores gratuitos<\/strong> para optimizar y proteger tu entorno de trabajo.<\/p>\t\t\t\t\t\t\t\t<\/div>\n\t\t\t\t<\/div>\n\t\t\t\t\t<\/div>\n\t\t<\/div>\n\t\t\t\t\t<\/div>\n\t\t<\/section>\n\t\t<div class=\"elementor-element elementor-element-5d671b5 e-flex e-con-boxed wpr-particle-no wpr-jarallax-no wpr-parallax-no wpr-sticky-section-no e-con e-parent\" data-id=\"5d671b5\" data-element_type=\"container\" data-settings=\"{&quot;_ha_eqh_enable&quot;:false}\">\n\t\t\t\t\t<div class=\"e-con-inner\">\n\t\t\t\t<div class=\"elementor-element elementor-element-610f91c elementor-widget elementor-widget-heading\" data-id=\"610f91c\" data-element_type=\"widget\" data-widget_type=\"heading.default\">\n\t\t\t\t<div class=\"elementor-widget-container\">\n\t\t\t\t\t<h2 class=\"elementor-heading-title elementor-size-default\">Modelos disponibles<\/h2>\t\t\t\t<\/div>\n\t\t\t\t<\/div>\n\t\t\t\t\t<\/div>\n\t\t\t\t<\/div>\n\t\t<div class=\"elementor-element elementor-element-0dc1900 e-flex e-con-boxed wpr-particle-no wpr-jarallax-no wpr-parallax-no wpr-sticky-section-no e-con e-parent\" data-id=\"0dc1900\" data-element_type=\"container\" data-settings=\"{&quot;_ha_eqh_enable&quot;:false}\">\n\t\t\t\t\t<div class=\"e-con-inner\">\n\t\t\t\t<div class=\"elementor-element elementor-element-44b6e11 wpr-button-icon-style-inline wpr-button-icon-position-right elementor-widget elementor-widget-wpr-button\" data-id=\"44b6e11\" data-element_type=\"widget\" data-widget_type=\"wpr-button.default\">\n\t\t\t\t<div class=\"elementor-widget-container\">\n\t\t\t\t\t\t\n\t\t\t\n\t\t\n\t\t<div class=\"wpr-button-wrap elementor-clearfix\">\n\t\t<a class=\"wpr-button wpr-button-effect wpr-button-wayra-right\" data-text=\"\" href=\"https:\/\/proyectpc.es\/index.php\/puesto-seguro-ordenadores\/\">\n\t\t\t\n\t\t\t<span class=\"wpr-button-content\">\n\t\t\t\t\t\t\t\t\t<span class=\"wpr-button-text\">Modelos<\/span>\n\t\t\t\t\t\t\t\t\n\t\t\t\t\t\t\t<\/span>\n\t\t<\/a>\n\n\t\t\t\t<\/div>\n\t\n\t\n\t\t\t\t\t<\/div>\n\t\t\t\t<\/div>\n\t\t\t\t<div class=\"elementor-element elementor-element-9f0c902 wpr-button-icon-style-inline wpr-button-icon-position-right elementor-widget elementor-widget-wpr-button\" data-id=\"9f0c902\" data-element_type=\"widget\" data-widget_type=\"wpr-button.default\">\n\t\t\t\t<div class=\"elementor-widget-container\">\n\t\t\t\t\t\t\n\t\t\t\n\t\t\n\t\t<div class=\"wpr-button-wrap elementor-clearfix\">\n\t\t<a class=\"wpr-button wpr-button-effect wpr-button-wayra-right\" data-text=\"\" href=\"https:\/\/proyectpc.es\/index.php\/contact\/\">\n\t\t\t\n\t\t\t<span class=\"wpr-button-content\">\n\t\t\t\t\t\t\t\t\t<span class=\"wpr-button-text\">Contacto<\/span>\n\t\t\t\t\t\t\t\t\n\t\t\t\t\t\t\t<\/span>\n\t\t<\/a>\n\n\t\t\t\t<\/div>\n\t\n\t\n\t\t\t\t\t<\/div>\n\t\t\t\t<\/div>\n\t\t\t\t\t<\/div>\n\t\t\t\t<\/div>\n\t\t<div class=\"elementor-element elementor-element-1e65e3d elementor-hidden-mobile e-flex e-con-boxed wpr-particle-no wpr-jarallax-no wpr-parallax-no wpr-sticky-section-no e-con e-parent\" data-id=\"1e65e3d\" data-element_type=\"container\" data-settings=\"{&quot;_ha_eqh_enable&quot;:false}\">\n\t\t\t\t\t<div class=\"e-con-inner\">\n\t\t\t\t<div class=\"elementor-element elementor-element-7117abf elementor-widget elementor-widget-text-editor\" data-id=\"7117abf\" data-element_type=\"widget\" data-widget_type=\"text-editor.default\">\n\t\t\t\t<div class=\"elementor-widget-container\">\n\t\t\t\t\t\t\t\t\t<div class=\"flex_cell no_margin av_two_third avia-builder-el-17 el_before_av_cell_one_third avia-builder-el-first \"><div class=\"flex_cell_inner\"><div class=\"av-catalogue-container avia-builder-el-18 avia-builder-el-no-sibling \"><div class=\"av-catalogue-item\"><div class=\"av-catalogue-item-inner\"><div class=\"av-catalogue-content\" style=\"text-align: center;\"><div id=\"av-layout-grid-4\" class=\"av-layout-grid-container entry-content-wrapper main_color av-flex-cells avia-builder-el-24 el_after_av_layout_row el_before_av_layout_row submenu-not-first container_wrap fullsize\"><div class=\"flex_cell no_margin av_two_third avia-builder-el-31 el_after_av_cell_one_third avia-builder-el-last \"><div class=\"flex_cell_inner\"><div class=\"av-catalogue-container avia-builder-el-32 avia-builder-el-no-sibling \"><div class=\"av-catalogue-item\"><div class=\"av-catalogue-item-inner\"><div class=\"av-catalogue-content\"><h4>\u00bfQu\u00e9 incluye el servicio de <strong>Puesto de Trabajo Seguro<\/strong>?<\/h4><p>Nuestro servicio est\u00e1 dise\u00f1ado para proporcionar a tu empresa todas las herramientas necesarias para un entorno de trabajo seguro y moderno, incluyendo:<\/p><ul><li><strong>Ordenador gratuito:<\/strong> Proporcionamos un equipo inform\u00e1tico de \u00faltima generaci\u00f3n para que puedas trabajar con total confianza y productividad.<\/li><li><strong>Antivirus y protecci\u00f3n avanzada:<\/strong> Instalamos software de seguridad para proteger tu ordenador contra virus, malware y amenazas cibern\u00e9ticas.<\/li><li><strong>Copia de seguridad autom\u00e1tica:<\/strong> Configuramos un sistema de backup para que tus datos est\u00e9n siempre seguros y puedas recuperarlos en caso de p\u00e9rdida.<\/li><li><strong>Configuraci\u00f3n y soporte t\u00e9cnico:<\/strong> Nos encargamos de la instalaci\u00f3n y configuraci\u00f3n inicial del equipo, as\u00ed como del mantenimiento y soporte continuo.<\/li><li><strong>Actualizaciones autom\u00e1ticas:<\/strong> Garantizamos que todo el software est\u00e9 siempre actualizado para maximizar la seguridad y el rendimiento.<\/li><\/ul><\/div><\/div><\/div><\/div><\/div><\/div><\/div><\/div><\/div><\/div><\/div><\/div><\/div>\t\t\t\t\t\t\t\t<\/div>\n\t\t\t\t<\/div>\n\t\t\t\t\t<\/div>\n\t\t\t\t<\/div>\n\t\t<div class=\"elementor-element elementor-element-4ffd24d e-flex e-con-boxed wpr-particle-no wpr-jarallax-no wpr-parallax-no wpr-sticky-section-no e-con e-parent\" data-id=\"4ffd24d\" data-element_type=\"container\" data-settings=\"{&quot;_ha_eqh_enable&quot;:false}\">\n\t\t\t\t\t<div class=\"e-con-inner\">\n\t\t\t\t<div class=\"elementor-element elementor-element-ec109ad elementor-widget elementor-widget-spacer\" data-id=\"ec109ad\" data-element_type=\"widget\" data-widget_type=\"spacer.default\">\n\t\t\t\t<div class=\"elementor-widget-container\">\n\t\t\t\t\t\t\t<div class=\"elementor-spacer\">\n\t\t\t<div class=\"elementor-spacer-inner\"><\/div>\n\t\t<\/div>\n\t\t\t\t\t\t<\/div>\n\t\t\t\t<\/div>\n\t\t\t\t\t<\/div>\n\t\t\t\t<\/div>\n\t\t\t\t<\/div>\n\t\t","protected":false},"excerpt":{"rendered":"<p>Volver a Kit Digital Hasta 1000\u20ac Puesto Seguro En ProyectPc, nos comprometemos a ayudar a las peque\u00f1as y medianas empresas (PYMEs) a digitalizarse de forma segura y eficiente. Gracias al Kit Digital del Gobierno de Espa\u00f1a, ofrecemos nuestro servicio \u00abPuesto de Trabajo Seguro\u00bb, una soluci\u00f3n integral que incluye ordenadores gratuitos para optimizar y proteger tu entorno de trabajo. Modelos disponibles Modelos Contacto \u00bfQu\u00e9 incluye el servicio de Puesto de Trabajo Seguro? Nuestro servicio est\u00e1 dise\u00f1ado para proporcionar a tu empresa todas las herramientas necesarias para un entorno de trabajo seguro y moderno, incluyendo: Ordenador gratuito: Proporcionamos un equipo inform\u00e1tico de \u00faltima generaci\u00f3n para que puedas trabajar con total confianza y productividad. Antivirus y protecci\u00f3n avanzada: Instalamos software de seguridad para proteger tu ordenador contra virus, malware y amenazas cibern\u00e9ticas. Copia de seguridad autom\u00e1tica: Configuramos un sistema de backup para que tus datos est\u00e9n siempre seguros y puedas recuperarlos en caso de p\u00e9rdida. Configuraci\u00f3n y soporte t\u00e9cnico: Nos encargamos de la instalaci\u00f3n y configuraci\u00f3n inicial del equipo, as\u00ed como del mantenimiento y soporte continuo. Actualizaciones autom\u00e1ticas: Garantizamos que todo el software est\u00e9 siempre actualizado para maximizar la seguridad y el rendimiento.<\/p>\n","protected":false},"author":1,"featured_media":1345,"parent":0,"menu_order":0,"comment_status":"closed","ping_status":"closed","template":"elementor_canvas","meta":{"footnotes":""},"class_list":["post-2256","page","type-page","status-publish","has-post-thumbnail","hentry"],"yoast_head":"<!-- This site is optimized with the Yoast SEO plugin v26.1.1 - https:\/\/yoast.com\/wordpress\/plugins\/seo\/ -->\n<title>Puesto de Trabajo Seguro Kit Digital en Burgos - ProyectPc | Protege tu Empresa<\/title>\n<meta name=\"description\" content=\"Asegura el puesto de trabajo de tu empresa con el Kit Digital de ProyectPc en Burgos. Soluciones avanzadas de protecci\u00f3n y seguridad para garantizar la productividad. \u00a1Solicita tu bono ahora!\" \/>\n<meta name=\"robots\" content=\"index, follow, max-snippet:-1, max-image-preview:large, max-video-preview:-1\" \/>\n<link rel=\"canonical\" href=\"https:\/\/proyectpc.es\/index.php\/puesto-seguro\/\" \/>\n<meta property=\"og:locale\" content=\"es_ES\" \/>\n<meta property=\"og:type\" content=\"article\" \/>\n<meta property=\"og:title\" content=\"Puesto de Trabajo Seguro Kit Digital en Burgos - ProyectPc | Protege tu Empresa\" \/>\n<meta property=\"og:description\" content=\"Asegura el puesto de trabajo de tu empresa con el Kit Digital de ProyectPc en Burgos. Soluciones avanzadas de protecci\u00f3n y seguridad para garantizar la productividad. \u00a1Solicita tu bono ahora!\" \/>\n<meta property=\"og:url\" content=\"https:\/\/proyectpc.es\/index.php\/puesto-seguro\/\" \/>\n<meta property=\"og:site_name\" content=\"ProyectPc\" \/>\n<meta property=\"article:publisher\" content=\"https:\/\/www.facebook.com\/people\/Informtica-ProyectPc\/61557099896924\/\" \/>\n<meta property=\"article:modified_time\" content=\"2025-06-26T07:30:33+00:00\" \/>\n<meta property=\"og:image\" content=\"https:\/\/proyectpc.es\/wp-content\/uploads\/2023\/10\/enlace-web.png\" \/>\n\t<meta property=\"og:image:width\" content=\"512\" \/>\n\t<meta property=\"og:image:height\" content=\"512\" \/>\n\t<meta property=\"og:image:type\" content=\"image\/png\" \/>\n<meta name=\"twitter:card\" content=\"summary_large_image\" \/>\n<meta name=\"twitter:label1\" content=\"Tiempo de lectura\" \/>\n\t<meta name=\"twitter:data1\" content=\"2 minutos\" \/>\n<script type=\"application\/ld+json\" class=\"yoast-schema-graph\">{\"@context\":\"https:\/\/schema.org\",\"@graph\":[{\"@type\":\"WebPage\",\"@id\":\"https:\/\/proyectpc.es\/index.php\/puesto-seguro\/\",\"url\":\"https:\/\/proyectpc.es\/index.php\/puesto-seguro\/\",\"name\":\"Puesto de Trabajo Seguro Kit Digital en Burgos - ProyectPc | Protege tu Empresa\",\"isPartOf\":{\"@id\":\"https:\/\/proyectpc.es\/#website\"},\"primaryImageOfPage\":{\"@id\":\"https:\/\/proyectpc.es\/index.php\/puesto-seguro\/#primaryimage\"},\"image\":{\"@id\":\"https:\/\/proyectpc.es\/index.php\/puesto-seguro\/#primaryimage\"},\"thumbnailUrl\":\"https:\/\/proyectpc.es\/wp-content\/uploads\/2023\/10\/enlace-web.png\",\"datePublished\":\"2024-11-15T14:55:40+00:00\",\"dateModified\":\"2025-06-26T07:30:33+00:00\",\"description\":\"Asegura el puesto de trabajo de tu empresa con el Kit Digital de ProyectPc en Burgos. Soluciones avanzadas de protecci\u00f3n y seguridad para garantizar la productividad. \u00a1Solicita tu bono ahora!\",\"breadcrumb\":{\"@id\":\"https:\/\/proyectpc.es\/index.php\/puesto-seguro\/#breadcrumb\"},\"inLanguage\":\"es\",\"potentialAction\":[{\"@type\":\"ReadAction\",\"target\":[\"https:\/\/proyectpc.es\/index.php\/puesto-seguro\/\"]}]},{\"@type\":\"ImageObject\",\"inLanguage\":\"es\",\"@id\":\"https:\/\/proyectpc.es\/index.php\/puesto-seguro\/#primaryimage\",\"url\":\"https:\/\/proyectpc.es\/wp-content\/uploads\/2023\/10\/enlace-web.png\",\"contentUrl\":\"https:\/\/proyectpc.es\/wp-content\/uploads\/2023\/10\/enlace-web.png\",\"width\":512,\"height\":512},{\"@type\":\"BreadcrumbList\",\"@id\":\"https:\/\/proyectpc.es\/index.php\/puesto-seguro\/#breadcrumb\",\"itemListElement\":[{\"@type\":\"ListItem\",\"position\":1,\"name\":\"Portada\",\"item\":\"https:\/\/proyectpc.es\/\"},{\"@type\":\"ListItem\",\"position\":2,\"name\":\"Puesto seguro Kit Digital\"}]},{\"@type\":\"WebSite\",\"@id\":\"https:\/\/proyectpc.es\/#website\",\"url\":\"https:\/\/proyectpc.es\/\",\"name\":\"ProyectPc - Tienda de Inform\u00e1tica en Burgos\",\"description\":\"Tu tienda de inform\u00e1tica en Burgos\",\"publisher\":{\"@id\":\"https:\/\/proyectpc.es\/#organization\"},\"potentialAction\":[{\"@type\":\"SearchAction\",\"target\":{\"@type\":\"EntryPoint\",\"urlTemplate\":\"https:\/\/proyectpc.es\/?s={search_term_string}\"},\"query-input\":{\"@type\":\"PropertyValueSpecification\",\"valueRequired\":true,\"valueName\":\"search_term_string\"}}],\"inLanguage\":\"es\"},{\"@type\":\"Organization\",\"@id\":\"https:\/\/proyectpc.es\/#organization\",\"name\":\"ProyectPc\",\"url\":\"https:\/\/proyectpc.es\/\",\"logo\":{\"@type\":\"ImageObject\",\"inLanguage\":\"es\",\"@id\":\"https:\/\/proyectpc.es\/#\/schema\/logo\/image\/\",\"url\":\"https:\/\/proyectpc.es\/wp-content\/uploads\/2023\/04\/publicidad-solo-texto-blanco-sin-marco-300x64-1.png\",\"contentUrl\":\"https:\/\/proyectpc.es\/wp-content\/uploads\/2023\/04\/publicidad-solo-texto-blanco-sin-marco-300x64-1.png\",\"width\":300,\"height\":64,\"caption\":\"ProyectPc\"},\"image\":{\"@id\":\"https:\/\/proyectpc.es\/#\/schema\/logo\/image\/\"},\"sameAs\":[\"https:\/\/www.facebook.com\/people\/Informtica-ProyectPc\/61557099896924\/\",\"https:\/\/www.instagram.com\/proyectpc\/\",\"https:\/\/www.tiktok.com\/@proyectpc\"]}]}<\/script>\n<!-- \/ Yoast SEO plugin. -->","yoast_head_json":{"title":"Puesto de Trabajo Seguro Kit Digital en Burgos - ProyectPc | Protege tu Empresa","description":"Asegura el puesto de trabajo de tu empresa con el Kit Digital de ProyectPc en Burgos. Soluciones avanzadas de protecci\u00f3n y seguridad para garantizar la productividad. \u00a1Solicita tu bono ahora!","robots":{"index":"index","follow":"follow","max-snippet":"max-snippet:-1","max-image-preview":"max-image-preview:large","max-video-preview":"max-video-preview:-1"},"canonical":"https:\/\/proyectpc.es\/index.php\/puesto-seguro\/","og_locale":"es_ES","og_type":"article","og_title":"Puesto de Trabajo Seguro Kit Digital en Burgos - ProyectPc | Protege tu Empresa","og_description":"Asegura el puesto de trabajo de tu empresa con el Kit Digital de ProyectPc en Burgos. Soluciones avanzadas de protecci\u00f3n y seguridad para garantizar la productividad. \u00a1Solicita tu bono ahora!","og_url":"https:\/\/proyectpc.es\/index.php\/puesto-seguro\/","og_site_name":"ProyectPc","article_publisher":"https:\/\/www.facebook.com\/people\/Informtica-ProyectPc\/61557099896924\/","article_modified_time":"2025-06-26T07:30:33+00:00","og_image":[{"width":512,"height":512,"url":"https:\/\/proyectpc.es\/wp-content\/uploads\/2023\/10\/enlace-web.png","type":"image\/png"}],"twitter_card":"summary_large_image","twitter_misc":{"Tiempo de lectura":"2 minutos"},"schema":{"@context":"https:\/\/schema.org","@graph":[{"@type":"WebPage","@id":"https:\/\/proyectpc.es\/index.php\/puesto-seguro\/","url":"https:\/\/proyectpc.es\/index.php\/puesto-seguro\/","name":"Puesto de Trabajo Seguro Kit Digital en Burgos - ProyectPc | Protege tu Empresa","isPartOf":{"@id":"https:\/\/proyectpc.es\/#website"},"primaryImageOfPage":{"@id":"https:\/\/proyectpc.es\/index.php\/puesto-seguro\/#primaryimage"},"image":{"@id":"https:\/\/proyectpc.es\/index.php\/puesto-seguro\/#primaryimage"},"thumbnailUrl":"https:\/\/proyectpc.es\/wp-content\/uploads\/2023\/10\/enlace-web.png","datePublished":"2024-11-15T14:55:40+00:00","dateModified":"2025-06-26T07:30:33+00:00","description":"Asegura el puesto de trabajo de tu empresa con el Kit Digital de ProyectPc en Burgos. Soluciones avanzadas de protecci\u00f3n y seguridad para garantizar la productividad. \u00a1Solicita tu bono ahora!","breadcrumb":{"@id":"https:\/\/proyectpc.es\/index.php\/puesto-seguro\/#breadcrumb"},"inLanguage":"es","potentialAction":[{"@type":"ReadAction","target":["https:\/\/proyectpc.es\/index.php\/puesto-seguro\/"]}]},{"@type":"ImageObject","inLanguage":"es","@id":"https:\/\/proyectpc.es\/index.php\/puesto-seguro\/#primaryimage","url":"https:\/\/proyectpc.es\/wp-content\/uploads\/2023\/10\/enlace-web.png","contentUrl":"https:\/\/proyectpc.es\/wp-content\/uploads\/2023\/10\/enlace-web.png","width":512,"height":512},{"@type":"BreadcrumbList","@id":"https:\/\/proyectpc.es\/index.php\/puesto-seguro\/#breadcrumb","itemListElement":[{"@type":"ListItem","position":1,"name":"Portada","item":"https:\/\/proyectpc.es\/"},{"@type":"ListItem","position":2,"name":"Puesto seguro Kit Digital"}]},{"@type":"WebSite","@id":"https:\/\/proyectpc.es\/#website","url":"https:\/\/proyectpc.es\/","name":"ProyectPc - Tienda de Inform\u00e1tica en Burgos","description":"Tu tienda de inform\u00e1tica en Burgos","publisher":{"@id":"https:\/\/proyectpc.es\/#organization"},"potentialAction":[{"@type":"SearchAction","target":{"@type":"EntryPoint","urlTemplate":"https:\/\/proyectpc.es\/?s={search_term_string}"},"query-input":{"@type":"PropertyValueSpecification","valueRequired":true,"valueName":"search_term_string"}}],"inLanguage":"es"},{"@type":"Organization","@id":"https:\/\/proyectpc.es\/#organization","name":"ProyectPc","url":"https:\/\/proyectpc.es\/","logo":{"@type":"ImageObject","inLanguage":"es","@id":"https:\/\/proyectpc.es\/#\/schema\/logo\/image\/","url":"https:\/\/proyectpc.es\/wp-content\/uploads\/2023\/04\/publicidad-solo-texto-blanco-sin-marco-300x64-1.png","contentUrl":"https:\/\/proyectpc.es\/wp-content\/uploads\/2023\/04\/publicidad-solo-texto-blanco-sin-marco-300x64-1.png","width":300,"height":64,"caption":"ProyectPc"},"image":{"@id":"https:\/\/proyectpc.es\/#\/schema\/logo\/image\/"},"sameAs":["https:\/\/www.facebook.com\/people\/Informtica-ProyectPc\/61557099896924\/","https:\/\/www.instagram.com\/proyectpc\/","https:\/\/www.tiktok.com\/@proyectpc"]}]}},"_links":{"self":[{"href":"https:\/\/proyectpc.es\/index.php\/wp-json\/wp\/v2\/pages\/2256","targetHints":{"allow":["GET"]}}],"collection":[{"href":"https:\/\/proyectpc.es\/index.php\/wp-json\/wp\/v2\/pages"}],"about":[{"href":"https:\/\/proyectpc.es\/index.php\/wp-json\/wp\/v2\/types\/page"}],"author":[{"embeddable":true,"href":"https:\/\/proyectpc.es\/index.php\/wp-json\/wp\/v2\/users\/1"}],"replies":[{"embeddable":true,"href":"https:\/\/proyectpc.es\/index.php\/wp-json\/wp\/v2\/comments?post=2256"}],"version-history":[{"count":23,"href":"https:\/\/proyectpc.es\/index.php\/wp-json\/wp\/v2\/pages\/2256\/revisions"}],"predecessor-version":[{"id":2400,"href":"https:\/\/proyectpc.es\/index.php\/wp-json\/wp\/v2\/pages\/2256\/revisions\/2400"}],"wp:featuredmedia":[{"embeddable":true,"href":"https:\/\/proyectpc.es\/index.php\/wp-json\/wp\/v2\/media\/1345"}],"wp:attachment":[{"href":"https:\/\/proyectpc.es\/index.php\/wp-json\/wp\/v2\/media?parent=2256"}],"curies":[{"name":"wp","href":"https:\/\/api.w.org\/{rel}","templated":true}]}}